{"id":638,"date":"2023-02-02T14:20:39","date_gmt":"2023-02-02T06:20:39","guid":{"rendered":"https:\/\/yuweiwei.cn\/?page_id=638"},"modified":"2026-03-28T04:11:43","modified_gmt":"2026-03-27T20:11:43","slug":"zuji","status":"publish","type":"page","link":"https:\/\/yuww.cn\/pt\/zuji","title":{"rendered":"pegadas"},"content":{"rendered":"<p><strong>V\u00e1 aonde quiser, conhe\u00e7a as pessoas que deseja ver, escolha uma cidade com voc\u00ea para o resto da vida e viva poeticamente!<\/strong><\/p>\n\n\n\n<iframe loading=\"lazy\" style=\"max-width: 100%\" frameborder=\"no\" border=\"0\" marginwidth=\"0\" marginheight=\"0\" width=\"100%\" height=\"350px\" src=\"\/map\/#12.09\/32.08943\/118.27053\"><br \/>\n<\/iframe>\n\n\n\n<div style=\"padding: 20px;text-align: center;display: flex;justify-content: center;border-top: 1px solid #ebf2ed;\">\n<a href=\"\/map\/\" target=\"_blank\" style=\"padding: 8px 10px;margin-right: 10px;background: #22bb6d;color: #fff;border-radius: 8px;display: flex;text-decoration: none;\" rel=\"noopener\">Ver tela inteira<\/a>\n<\/div>\n\n\n\n<h4 class=\"wp-block-heading\">Mais vers\u00f5es do mapa de pegadas<\/h4>\n\n\n\n<p><strong>Mapa nacional<\/strong>\uff1a<a href=\"https:\/\/yuww.cn\/map\/amap\/\" target=\"_blank\" rel=\"noreferrer noopener\">Mapa Gaode<\/a>\u3001<a href=\"https:\/\/yuww.cn\/map\/tmap\/\" target=\"_blank\" rel=\"noreferrer noopener\">Mapas da Tencent<\/a>\u3001<a href=\"https:\/\/yuww.cn\/map\/tianditu\/\" target=\"_blank\" rel=\"noreferrer noopener\">Tianditu<\/a><\/p>\n\n\n\n<p><strong>Mapas estrangeiros<\/strong>\uff1a<a href=\"https:\/\/yuww.cn\/map\/\" target=\"_blank\" rel=\"noreferrer noopener\">Mapbox (padr\u00e3o)<\/a>\u3001<a href=\"https:\/\/yuww.cn\/map\/maptiler\/\" target=\"_blank\" rel=\"noreferrer noopener\">MapTiler<\/a>\u3001<a href=\"https:\/\/yuww.cn\/map\/maplibre\/\" target=\"_blank\" rel=\"noreferrer noopener\">MapLibre<\/a>\u3001<a href=\"https:\/\/yuww.cn\/map\/google\/\" target=\"_blank\" rel=\"noreferrer noopener\">Google Maps<\/a>\u3001<a href=\"https:\/\/yuww.cn\/map\/leaflet\/\" target=\"_blank\" rel=\"noreferrer noopener\">Folheto<\/a>\u3001<a href=\"https:\/\/yuww.cn\/map\/openlayers\/\" target=\"_blank\" rel=\"noreferrer noopener\">OpenLayers<\/a>\u3001<a href=\"https:\/\/yuww.cn\/map\/cesium\/\" target=\"_blank\" rel=\"noreferrer noopener\">C\u00e9sio<\/a><\/p>\n\n\n\n<p><a href=\"https:\/\/yuww.cn\/pt\/moment\/1757\/\" target=\"_blank\" rel=\"noreferrer noopener\">O Baidu Maps me avisou que \u00e9 necess\u00e1ria autoriza\u00e7\u00e3o comercial.<\/a><\/p>\n\n\n\n<h4 class=\"wp-block-heading\">O tempo permanece o mesmo<\/h4>\n\n\n\n<figure class=\"wp-block-table is-style-stripes\"><table><tbody><tr><td><strong>Lugar<\/strong><\/td><td><strong>tempo<\/strong><\/td><\/tr><tr><td>Condado de Quanjiao, cidade de Chuzhou, prov\u00edncia de Anhui<\/td><td>2009<\/td><\/tr><tr><td>Cidade de Chuzhou, prov\u00edncia de Anhui<\/td><td><\/td><\/tr><tr><td>Nanquim, prov\u00edncia de Jiangsu<\/td><td><\/td><\/tr><tr><td>Cidade de Rizhao, prov\u00edncia de Shandong<\/td><td>2014<\/td><\/tr><tr><td>Cidade de Hefei, Prov\u00edncia de Anhui<\/td><td><\/td><\/tr><tr><td>Cidade de Bengbu, prov\u00edncia de Anhui<\/td><td>2024<\/td><\/tr><\/tbody><\/table><\/figure>","protected":false},"excerpt":{"rendered":"<p>V\u00e1 aonde quiser, veja quem quiser e passe o resto da sua vida numa cidade, vivendo poeticamente! Veja mais vers\u00f5es do mapa de pegadas em tela cheia. Mapas nacionais: Gaode Map, Tencent Map [...]<\/p>","protected":false},"author":1,"featured_media":0,"parent":0,"menu_order":0,"comment_status":"open","ping_status":"closed","template":"","meta":{"footnotes":""},"class_list":["post-638","page","type-page","status-publish","hentry"],"_links":{"self":[{"href":"https:\/\/yuww.cn\/pt\/wp-json\/wp\/v2\/pages\/638","targetHints":{"allow":["GET"]}}],"collection":[{"href":"https:\/\/yuww.cn\/pt\/wp-json\/wp\/v2\/pages"}],"about":[{"href":"https:\/\/yuww.cn\/pt\/wp-json\/wp\/v2\/types\/page"}],"author":[{"embeddable":true,"href":"https:\/\/yuww.cn\/pt\/wp-json\/wp\/v2\/users\/1"}],"replies":[{"embeddable":true,"href":"https:\/\/yuww.cn\/pt\/wp-json\/wp\/v2\/comments?post=638"}],"version-history":[{"count":7,"href":"https:\/\/yuww.cn\/pt\/wp-json\/wp\/v2\/pages\/638\/revisions"}],"predecessor-version":[{"id":1763,"href":"https:\/\/yuww.cn\/pt\/wp-json\/wp\/v2\/pages\/638\/revisions\/1763"}],"wp:attachment":[{"href":"https:\/\/yuww.cn\/pt\/wp-json\/wp\/v2\/media?parent=638"}],"curies":[{"name":"wp","href":"https:\/\/api.w.org\/{rel}","templated":true}]}}