{"id":638,"date":"2023-02-02T14:20:39","date_gmt":"2023-02-02T06:20:39","guid":{"rendered":"https:\/\/yuweiwei.cn\/?page_id=638"},"modified":"2026-03-28T04:11:43","modified_gmt":"2026-03-27T20:11:43","slug":"zuji","status":"publish","type":"page","link":"https:\/\/yuww.cn\/de\/zuji","title":{"rendered":"Fu\u00dfabdr\u00fccke"},"content":{"rendered":"<p><strong>Gehen Sie dorthin, wo Sie hin m\u00f6chten, treffen Sie die Menschen, die Sie sehen m\u00f6chten, w\u00e4hlen Sie eine Stadt mit Ihnen f\u00fcr den Rest Ihres Lebens und leben Sie poetisch!<\/strong><\/p>\n\n\n\n<iframe loading=\"lazy\" style=\"max-width: 100%\" frameborder=\"no\" border=\"0\" marginwidth=\"0\" marginheight=\"0\" width=\"100%\" height=\"350px\" src=\"\/map\/#12.09\/32.08943\/118.27053\"><br \/>\n<\/iframe>\n\n\n\n<div style=\"padding: 20px;text-align: center;display: flex;justify-content: center;border-top: 1px solid #ebf2ed;\">\n<a href=\"\/map\/\" target=\"_blank\" style=\"padding: 8px 10px;margin-right: 10px;background: #22bb6d;color: #fff;border-radius: 8px;display: flex;text-decoration: none;\" rel=\"noopener\">Vollbild anzeigen<\/a>\n<\/div>\n\n\n\n<h4 class=\"wp-block-heading\">Weitere Versionen der Fu\u00dfabdruckkarte<\/h4>\n\n\n\n<p><strong>Inlandskarte<\/strong>\uff1a<a href=\"https:\/\/yuww.cn\/map\/amap\/\" target=\"_blank\" rel=\"noreferrer noopener\">Gaode-Karte<\/a>\u3001<a href=\"https:\/\/yuww.cn\/map\/tmap\/\" target=\"_blank\" rel=\"noreferrer noopener\">Tencent Maps<\/a>\u3001<a href=\"https:\/\/yuww.cn\/map\/tianditu\/\" target=\"_blank\" rel=\"noreferrer noopener\">Tianditu<\/a><\/p>\n\n\n\n<p><strong>Fremde Karten<\/strong>\uff1a<a href=\"https:\/\/yuww.cn\/map\/\" target=\"_blank\" rel=\"noreferrer noopener\">Mapbox (Standard)<\/a>\u3001<a href=\"https:\/\/yuww.cn\/map\/maptiler\/\" target=\"_blank\" rel=\"noreferrer noopener\">MapTiler<\/a>\u3001<a href=\"https:\/\/yuww.cn\/map\/maplibre\/\" target=\"_blank\" rel=\"noreferrer noopener\">MapLibre<\/a>\u3001<a href=\"https:\/\/yuww.cn\/map\/google\/\" target=\"_blank\" rel=\"noreferrer noopener\">Google Maps<\/a>\u3001<a href=\"https:\/\/yuww.cn\/map\/leaflet\/\" target=\"_blank\" rel=\"noreferrer noopener\">Brosch\u00fcre<\/a>\u3001<a href=\"https:\/\/yuww.cn\/map\/openlayers\/\" target=\"_blank\" rel=\"noreferrer noopener\">OpenLayers<\/a>\u3001<a href=\"https:\/\/yuww.cn\/map\/cesium\/\" target=\"_blank\" rel=\"noreferrer noopener\">C\u00e4sium<\/a><\/p>\n\n\n\n<p><a href=\"https:\/\/yuww.cn\/de\/moment\/1757\/\" target=\"_blank\" rel=\"noreferrer noopener\">Baidu Maps wies mich darauf hin, dass eine kommerzielle Genehmigung erforderlich ist.<\/a><\/p>\n\n\n\n<h4 class=\"wp-block-heading\">Die Zeit bleibt gleich<\/h4>\n\n\n\n<figure class=\"wp-block-table is-style-stripes\"><table><tbody><tr><td><strong>Ort<\/strong><\/td><td><strong>Zeit<\/strong><\/td><\/tr><tr><td>Landkreis Quanjiao, Stadt Chuzhou, Provinz Anhui<\/td><td>2009<\/td><\/tr><tr><td>Stadt Chuzhou, Provinz Anhui<\/td><td><\/td><\/tr><tr><td>Nanjing, Provinz Jiangsu<\/td><td><\/td><\/tr><tr><td>Stadt Rizhao, Provinz Shandong<\/td><td>2014<\/td><\/tr><tr><td>Stadt Hefei, Provinz Anhui<\/td><td><\/td><\/tr><tr><td>Stadt Bengbu, Provinz Anhui<\/td><td>2024<\/td><\/tr><\/tbody><\/table><\/figure>","protected":false},"excerpt":{"rendered":"<p>Reise, wohin du willst, triff, wen du sehen willst, und verbringe den Rest deines Lebens in einer Stadt, die dich inspiriert! Sieh dir weitere Versionen der Karte im Vollbildmodus an. Karten f\u00fcr den Inlandsmarkt: Gaode-Karte, Tencent-Karte [...]<\/p>","protected":false},"author":1,"featured_media":0,"parent":0,"menu_order":0,"comment_status":"open","ping_status":"closed","template":"","meta":{"footnotes":""},"class_list":["post-638","page","type-page","status-publish","hentry"],"_links":{"self":[{"href":"https:\/\/yuww.cn\/de\/wp-json\/wp\/v2\/pages\/638","targetHints":{"allow":["GET"]}}],"collection":[{"href":"https:\/\/yuww.cn\/de\/wp-json\/wp\/v2\/pages"}],"about":[{"href":"https:\/\/yuww.cn\/de\/wp-json\/wp\/v2\/types\/page"}],"author":[{"embeddable":true,"href":"https:\/\/yuww.cn\/de\/wp-json\/wp\/v2\/users\/1"}],"replies":[{"embeddable":true,"href":"https:\/\/yuww.cn\/de\/wp-json\/wp\/v2\/comments?post=638"}],"version-history":[{"count":7,"href":"https:\/\/yuww.cn\/de\/wp-json\/wp\/v2\/pages\/638\/revisions"}],"predecessor-version":[{"id":1763,"href":"https:\/\/yuww.cn\/de\/wp-json\/wp\/v2\/pages\/638\/revisions\/1763"}],"wp:attachment":[{"href":"https:\/\/yuww.cn\/de\/wp-json\/wp\/v2\/media?parent=638"}],"curies":[{"name":"wp","href":"https:\/\/api.w.org\/{rel}","templated":true}]}}